{"id":1666,"date":"2024-04-18T11:11:03","date_gmt":"2024-04-18T15:11:03","guid":{"rendered":"https:\/\/thelearneddog.com\/claudine-cont-ed\/"},"modified":"2024-08-30T08:44:01","modified_gmt":"2024-08-30T12:44:01","slug":"claudine-cont-ed","status":"publish","type":"page","link":"https:\/\/thelearneddog.com\/en\/claudine-cont-ed\/","title":{"rendered":"Claudine cont ed"},"content":{"rendered":"\t\t<div data-elementor-type=\"wp-page\" data-elementor-id=\"1666\" class=\"elementor elementor-1666 elementor-1206\" data-elementor-post-type=\"page\">\n\t\t\t\t<div class=\"elementor-element elementor-element-152989d e-flex e-con-boxed e-con e-parent\" data-id=\"152989d\" data-element_type=\"container\" data-e-type=\"container\" data-settings=\"{&quot;background_background&quot;:&quot;classic&quot;}\">\n\t\t\t\t\t<div class=\"e-con-inner\">\n\t\t\t\t<div class=\"elementor-element elementor-element-5c3ab26 elementor-widget elementor-widget-text-editor\" data-id=\"5c3ab26\" data-element_type=\"widget\" data-e-type=\"widget\" data-widget_type=\"text-editor.default\">\n\t\t\t\t<div class=\"elementor-widget-container\">\n\t\t\t\t\t\t\t\t\t<p>Claudine&#8217;s continuing education<\/p>\n\t\t\t\t\t\t\t\t<\/div>\n\t\t\t\t<\/div>\n\t\t\t\t<div class=\"elementor-element elementor-element-72d8123 elementor-widget-divider--view-line elementor-widget elementor-widget-divider\" data-id=\"72d8123\" data-element_type=\"widget\" data-e-type=\"widget\" data-widget_type=\"divider.default\">\n\t\t\t\t<div class=\"elementor-widget-container\">\n\t\t\t\t\t\t\t<div class=\"elementor-divider\">\n\t\t\t<span class=\"elementor-divider-separator\">\n\t\t\t\t\t\t<\/span>\n\t\t<\/div>\n\t\t\t\t\t\t<\/div>\n\t\t\t\t<\/div>\n\t\t\t\t\t<\/div>\n\t\t\t\t<\/div>\n\t\t<div class=\"elementor-element elementor-element-d201be8 e-flex e-con-boxed e-con e-parent\" data-id=\"d201be8\" data-element_type=\"container\" data-e-type=\"container\" data-settings=\"{&quot;background_background&quot;:&quot;classic&quot;}\">\n\t\t\t\t\t<div class=\"e-con-inner\">\n\t\t\t\t<div class=\"elementor-element elementor-element-d8611aa elementor-widget elementor-widget-heading\" data-id=\"d8611aa\" data-element_type=\"widget\" data-e-type=\"widget\" data-widget_type=\"heading.default\">\n\t\t\t\t<div class=\"elementor-widget-container\">\n\t\t\t\t\t<h2 class=\"elementor-heading-title elementor-size-default\">COURSES AND CERTIFICATES <\/h2>\t\t\t\t<\/div>\n\t\t\t\t<\/div>\n\t\t\t\t<div class=\"elementor-element elementor-element-7d6318f elementor-widget elementor-widget-text-editor\" data-id=\"7d6318f\" data-element_type=\"widget\" data-e-type=\"widget\" data-widget_type=\"text-editor.default\">\n\t\t\t\t<div class=\"elementor-widget-container\">\n\t\t\t\t\t\t\t\t\t<span class=\"date-soustitre\">2009-2013<\/span>\n<ul>\n \t<li>PetSaver Program (Pet CPR  First Aid), Sally Achey, Pet Tech, 2009<\/li>\n \t<li>Evaluation Training, Christy Boecker, Pet Perfection<\/li>\n \t<li>Canine Instructor Course (theory), Sherry B\u00e9dard, Animal Instincts School<\/li>\n<\/ul>\n<span class=\"date-soustitre\">2016<\/span>\n<ul>\n \t<li>Certificate in Training  Counseling (CTC) \u2013 Honors Graduate, Jean Donaldson, The Academy for Dog Trainers<\/li>\n \t<li>First aid for animals, Sylvie Morand, Saint-Jean Ambulance, 2016<\/li>\n \t<li>Fear Free Certification Program, Janice Trumpeter, DVM <\/li>\n<\/ul>\n<span class=\"date-soustitre\">2017<\/span>\n<ul>\n \t<li>Kindergarten  socialization for puppies, Simonne Raffa, De Main De Ma\u00eetre, 2017<\/li>\n \t<li>Certified Professional Dog Trainer \u2013 Knowledge Assessed (CPDT-KA), Brad Phifer, CBCC-KA, CPDT-KSA, Certification Council for Professional Dog Trainers<\/li>\n \t<li>Certificate of Separation Anxiety Training (CSAT), Malena DeMartini<\/li>\n \t<li>Fear Free Foundation for Kittens and Puppies, Marty Becker, DVM<\/li>\n \t<li>Home Alone: Treating Separation Anxiety, Nancy Tucker, CDBC, CPDT-KA, Fenzi Dog Sports Academy<\/li>\n \t<li>Fear Free Animal Trainer Certification Program, Marty Becker, DVM<\/li>\n<\/ul>\n<span class=\"date-soustitre\">2018<\/span>\n<ul>\n \t<li>Member of The Pet Professional Guild (PPG), 2018<\/li>\n \t<li>Dog Separation Anxiety \u2013 Mission: Possible!, Malena DeMartini, 2018<\/li>\n \t<li>Certified Behavior Consultant Canine \u2013 Knowledge Assessed (CBCC-KA), Ruth E. LaRocque, CPDT-KA, CBCC-KA, Certification Council for Professional Dog Trainers, 2018<\/li>\n<\/ul>\n<span class=\"date-soustitre\">2019<\/span>\n<ul>\n \t<li>Member of the Regroupement qu\u00e9b\u00e9cois des intervenants en \u00e9ducation canine (RQIEC)<\/li>\n \t<li>Elite Fear Free Certification, Marty Becker, DVM,<\/li>\n<\/ul>\n<span class=\"date-soustitre\">2020<\/span>\n<ul>\n \t<li>Understanding Medical Conditions and Pain, Linda Ryan, VTS (Behavior, Oncology), AdipABM DipAVN (Medical) KPA-CTP RVN, Fear Free Pets<\/li>\n \t<li>Infectious Conditions: What Trainers Need to Know, Linda Ryan, VTS (Behavior, Oncology), AdipABM DipAVN (Medical) KPA-CTP RVN, Fear Free Pets<\/li>\n<\/ul>\n<span class=\"date-soustitre\">2021<\/span>\n<ul>\n \t<li>Professional Canine Behavior Consultant \u2013 Accredited (PCBC-A) \u2013 Pet Professional Accreditation Board, Niki Tudge<\/li>\n<\/ul>\n<span class=\"date-soustitre\">2022<\/span>\n<ul>\n \t<li>L.E.G.S.\u00ae Applied Ethology Family Dog Mediation\u00ae Professional Course (FDM) \u2013 Family Dog Mediation, Kim Brophey, CDBC, CPDT-KA<\/li>\n \t<li>The Dog\u2019s Truth \u2013 Family Dog Mediation, Kim Brophey, CDBC, CPDT-KA<\/li>\n \t<li>Do-It-Yourself Separation Anxiety Program \u2013 Separation Anxiety Dog, Moira Hechenleitner Vergara, DVM, CSAT<\/li>\n<\/ul>\n<span class=\"date-soustitre\">2023<\/span>\n<ul>\n \t<li>Animal Emotions \u2013 ILLIS ABC Animal Behaviour Courses, Karolina Westlund, PhD<\/li>\n<\/ul>\n<span class=\"date-soustitre\">2024<\/span>\n<ul>\n \t<li>Resolving Challenging Behaviour \u2013 ILLIS ABC Animal Behaviour Courses, Karolina Westlund, PhD<br><br><\/li>\n<\/ul>\t\t\t\t\t\t\t\t<\/div>\n\t\t\t\t<\/div>\n\t\t\t\t\t<\/div>\n\t\t\t\t<\/div>\n\t\t<div class=\"elementor-element elementor-element-f23540d e-flex e-con-boxed e-con e-parent\" data-id=\"f23540d\" data-element_type=\"container\" data-e-type=\"container\" data-settings=\"{&quot;background_background&quot;:&quot;classic&quot;}\">\n\t\t\t\t\t<div class=\"e-con-inner\">\n\t\t\t\t<div class=\"elementor-element elementor-element-c63ca71 elementor-widget elementor-widget-heading\" data-id=\"c63ca71\" data-element_type=\"widget\" data-e-type=\"widget\" data-widget_type=\"heading.default\">\n\t\t\t\t<div class=\"elementor-widget-container\">\n\t\t\t\t\t<h2 class=\"elementor-heading-title elementor-size-default\">SEMINARS AND WORKSHOPS <\/h2>\t\t\t\t<\/div>\n\t\t\t\t<\/div>\n\t\t\t\t<div class=\"elementor-element elementor-element-85ba6e0 elementor-widget elementor-widget-text-editor\" data-id=\"85ba6e0\" data-element_type=\"widget\" data-e-type=\"widget\" data-widget_type=\"text-editor.default\">\n\t\t\t\t<div class=\"elementor-widget-container\">\n\t\t\t\t\t\t\t\t\t<span class=\"date-soustitre\">2010<\/span>\n<ul>\n \t<li>Increase your leadership, communicate, with SCARF in mind !, Caroline Boisvert, Montreal, QC, 2010<\/li>\n<\/ul>\n<span class=\"date-soustitre\">2012<\/span>\n<ul>\n \t<li>Shaping the Future: A Conversation About Canine Behavior, Animal Rescue League of Boston, Boston, MA<\/li>\n \t<li>Langage corporel, Zuzia Kubica, C\u0153ur Canin, Montr\u00e9al, QC<\/li>\n<\/ul>\n<span class=\"date-soustitre\">2013<\/span>\n<ul>\n \t<li>Dog Language, Gaby Dufresne-Cyr, Dogue Shop, Montr\u00e9al, QC<\/li>\n<\/ul>\n<span class=\"date-soustitre\">2014<\/span>\n<ul>\n \t<li>Reinforcement Strategies: How to use Non-Food Reinforcers Effectively &#8211; Handling Animal Mistakes &#8211; Problems Solving  Handling Aggression &#8211; Social Animals: Working with more than one Animal &#8211; Recipe for becoming a Top Trainer, Ken Ramirez, Montr\u00e9al, QC, 2014<\/li>\n<\/ul>\n<span class=\"date-soustitre\">2016<\/span>\n<ul>\n \t<li>Living With and Training Fearful Dogs, Debbie Jacobs, Bensalem, PA,<\/li>\n \t<li>Do As I Do, Dre Claudia Fugazza, Montr\u00e9al, QC<\/li>\n \t<li>Pr\u00e9vention et r\u00e9solution de l\u2019anxi\u00e9t\u00e9 de s\u00e9paration chez le chien, Coline Gu\u00e9rin, De Main De Ma\u00eetre, Montr\u00e9al, QC<\/li>\n \t<li>Concepts avanc\u00e9s  structure en entra\u00eenement, Simonne Raffa, De Main De Ma\u00eetre, Montr\u00e9al, QC<\/li>\n<\/ul>\n<span class=\"date-soustitre\">2017<\/span>\n<ul>\n \t<li>Mission Possible!, Malena DeMartini, Bensalem, PA7<\/li>\n \t<li>Force-Free Educational Summit, The Pet Professional Guild, Orlando, FL<\/li>\n<\/ul>\n<span class=\"date-soustitre\">2018<\/span>\n<ul>\n \t<li>Workshop at Best Friends Animal Sanctuary, The Pet Professional Guild, Kanab, UT<\/li>\n \t<li>Care to Share? Rethinking Resource Guarding for Shelters and Rescues \u2013 Robyn Rittmaster, CTC, CPDT-KA, Ottawa Humane Society, Montr\u00e9al, QC<\/li>\n \t<li>The Emotional World of Dogs: New Insights into Behavior and Training \u2013 Daniel Mills, The Academy for Dog Trainers, Bensalem, PA<\/li>\n \t<li>Five days in Quebec! \u2013 Chirag Patel, BSc (Hons), PGCert (CAB), CPBC, DipCABT, Qu\u00e9bec, QC<\/li>\n \t<li>Role of pharmacology in behavioral intervention &#8211; Dr. Jo\u00ebl Dehasse, veterinary behaviorist, Azca, Montreal, QC, 2018<\/li>\n<\/ul>\n<span class=\"date-soustitre\">2019<\/span>\n<ul>\n \t<li>Abnormal Repetitive Behaviours &#8211; Lara Joseph, The Animal Behaviour Center, De Main De Ma\u00eetre, Montreal, QC, 2019<\/li>\n \t<li>Beyond Apparent Behaviours: Internal Processes, Simon Gadbois, PhD, Montreal, QC, 2019<\/li>\n \t<li>Animal Behaviour Science Symposium &#8211; British Columbia Society for the Prevention of Cruelty to Animals (BC SPCA), Vancouver, BC, 2019<\/li>\n<li>Animal Care Training (ESAAP) &#8211; Art au Poil, Montreal, QC, 2019<\/li>\n<\/ul>\n<span class=\"date-soustitre\">2023<\/span>\n<ul>\n \t<li>Working with Fear, Aggression &amp; Reactivity \u2013 Lemon\u2019s Hope Sanctuary, Debbie Jacobs, CPDT-KA, RBT, Brattleboro, VT<\/li>\n<li>Arizona Humane Society Homeward Bound Summit \u2013 The Pet Professional Guild, Pheonix, AZ<\/li>\n<\/ul>\n<span class=\"date-soustitre\">2024<\/span>\n<ul>\n \t<li>Resolving Challenging Behaviour &#8211; ILLIS ABC Animal Behaviour Courses, Karolina Westlund, PhD<\/li>\n<\/ul>\t\t\t\t\t\t\t\t<\/div>\n\t\t\t\t<\/div>\n\t\t\t\t\t<\/div>\n\t\t\t\t<\/div>\n\t\t<div class=\"elementor-element elementor-element-f0bf3ce e-flex e-con-boxed e-con e-parent\" data-id=\"f0bf3ce\" data-element_type=\"container\" data-e-type=\"container\" data-settings=\"{&quot;background_background&quot;:&quot;classic&quot;}\">\n\t\t\t\t\t<div class=\"e-con-inner\">\n\t\t\t\t<div class=\"elementor-element elementor-element-9071e2c elementor-widget elementor-widget-heading\" data-id=\"9071e2c\" data-element_type=\"widget\" data-e-type=\"widget\" data-widget_type=\"heading.default\">\n\t\t\t\t<div class=\"elementor-widget-container\">\n\t\t\t\t\t<h2 class=\"elementor-heading-title elementor-size-default\">WEBINARS AND VIDEOS <\/h2>\t\t\t\t<\/div>\n\t\t\t\t<\/div>\n\t\t\t\t<div class=\"elementor-element elementor-element-5a847e7 elementor-widget elementor-widget-text-editor\" data-id=\"5a847e7\" data-element_type=\"widget\" data-e-type=\"widget\" data-widget_type=\"text-editor.default\">\n\t\t\t\t<div class=\"elementor-widget-container\">\n\t\t\t\t\t\t\t\t\t<span class=\"date-soustitre\">2016<\/span>\n<ul>\n \t<li>Negative Punishment, Negative Reinforcement and the Humane Hierarchy, Jean Donaldson, The Pet Professional Guild, 2016<\/li>\n<li>Muzzle Up! Dispelling the Stigma of Dogs Wearing Muzzles, Maureen Backman, MS, CTC, PCT-A, 2016<\/li>\n<li>Managing Multiple Dogs, Kathy Sdao, MA, The Pet Professional Guild, 2016<\/li>\n<li>Less Reactive, More Responsive: A Mindful Approach to Behaviour Modification, Maureen Backman, MS, CTC, PCT-A <\/li>\n<\/ul>\n<span class=\"date-soustitre\">2017<\/span>\n<ul>\n \t<li>Empowered Life, Benjamin Bonhomme, 2017<\/li>\n<\/ul>\n<span class=\"date-soustitre\">2018<\/span>\n<ul>\n \t<li>Cognitive biases, illogisms and persuasion !, Simonne Raffa, De Main De Ma\u00eetre, 2018<\/li>\n<li>Managing Dogs in a Group Setting, Kathy Sdao, MA, The Academy for Dog Trainers, 2018<\/li>\n<li>Preparing for Baby &#8211; Nancy Tucker, CDBC, CPDT-KA, Fenzi Dog Sports Academy, 2018<\/li>\n<\/ul>\n<span class=\"date-soustitre\">2019<\/span>\n<ul>\n \t<li>How Should I Say This &#8211; Nancy Tucker, CDBC, CPDT-KA, Fenzi Dog Sports Academy<\/li>\n<li>Train at the Next Level \/ Training Problems &#8211; Jean Donaldson, RQIEC, 2019<\/li>\n<li>There&#8217;s No Place Like Home: Easing the Transition to Inside Life for Outside Dogs &#8211; Kristi Benson, CTC, The Pet Professional Guild, 2019<\/li>\n<li>Practical Premack &#8211; Kathy Sdao, MA, Fenzi Dog Sports Academy, 2019<\/li>\n<\/ul>\n<span class=\"date-soustitre\">2020<\/span>\n<ul>\n \t<li>Dogs That Guard Their Owner &#8211; Michael Shikashio, CDBC, Fenzi Dog Sports Academy, 2020<\/li>\n \t<li>French-speaking conference on animal canine behaviour &#8211; De Main De Ma\u00eetre, 2020<\/li>\n \t<li>Functionally Analyzing Aggression &#8211; Chirag Patel, BSc (Hons), PGCert (CAB), CPBC, DipCABT, The Pet Professional Guild  <\/li>\n \t<li>The COVID-19 Lockdown and Your Dog: Tips to Help You Get Ahead of Separation Anxiety Issues Before They Start &#8211; Tracy Krulik, CTC, CSAT, The Pet Professional Guild, 2020<\/li>\n<li>Stress vs Anxiety vs Stress &#8211; Dr Jo\u00ebl Dehasse, veterinary behaviorist, Azca, 2020<\/li>\n<li>Geek Week For The Love of Science &#8211; The Pet Professional Guild, 2020<\/li>\n<\/ul>\n<span class=\"date-soustitre\">2021<\/span>\n<ul>\n \t<li>French-speaking conference on animal canine behaviour &#8211; De Main De Ma\u00eetre, 2020<\/li>\n \t<li>Raise your separation anxiety game, The School of Canine Science, 2021<\/li>\n<\/ul>\n<span class=\"date-soustitre\">2022<\/span>\n<ul>\n \t<li>French-speaking conference on dog aging \u2013 Francine Morin, CDBC, RQIEC<\/li>\n \t<li>Psychological Trauma and PTSD in Dogs &#8211; Dr. Franklin D. McMillan, DVM, DACVIM, DACAW, The Pet Professional Guild, 2022<\/li>\n \t<li>Social Pain in Dogs Franklin D. McMillan, DVM, DACVIM, DACAW, Association of Pet Behaviour Counsellors  <\/li>\n \t<li>Dans la t\u00eate de mon chien &#8211; Dr. Marion Desmarchelier, DMV, DACM, DECZM, DACVB, Associate Professor, RQIEC  <\/li>\n \t<li>Anxiety disorders in dogs: Why do they happen, and how we can help? &#8211; The Academy for Dog Trainers, Jennifer Summerfield, DMV, CPDT-KA  <\/li>\n<li>CBD: Fools gold or golden opportunity? &#8211; Behaviour Vets, Dr Kathy Murphy BVetMed, DPhil, CVA, CLAS, MRCVS <\/li>\n\t\t\t\t\t\t\t\t<\/div>\n\t\t\t\t<\/div>\n\t\t\t\t\t<\/div>\n\t\t\t\t<\/div>\n\t\t<div class=\"elementor-element elementor-element-f4e9ece e-flex e-con-boxed e-con e-parent\" data-id=\"f4e9ece\" data-element_type=\"container\" data-e-type=\"container\" data-settings=\"{&quot;background_background&quot;:&quot;classic&quot;}\">\n\t\t\t\t\t<div class=\"e-con-inner\">\n\t\t\t\t<div class=\"elementor-element elementor-element-8362a55 elementor-widget elementor-widget-heading\" data-id=\"8362a55\" data-element_type=\"widget\" data-e-type=\"widget\" data-widget_type=\"heading.default\">\n\t\t\t\t<div class=\"elementor-widget-container\">\n\t\t\t\t\t<h2 class=\"elementor-heading-title elementor-size-default\">PRESENTATIONS  <\/h2>\t\t\t\t<\/div>\n\t\t\t\t<\/div>\n\t\t\t\t<div class=\"elementor-element elementor-element-d410bf4 elementor-widget elementor-widget-text-editor\" data-id=\"d410bf4\" data-element_type=\"widget\" data-e-type=\"widget\" data-widget_type=\"text-editor.default\">\n\t\t\t\t<div class=\"elementor-widget-container\">\n\t\t\t\t\t\t\t\t\t<span class=\"date-soustitre\">\u200b 2017<\/span>\n<ul>\n \t<li>The game &#8230; &#8230; what exactly is it? &#8211; De Main De Ma\u00eetre, 3 hours, Montreal, QC  <\/li>\n<\/ul>\n<span class=\"date-soustitre\">2019<\/span>\n<ul>\n \t<li>The game &#8230; &#8230; what exactly is it? &#8211; De Main De Ma\u00eetre, 3 hours, Trois-Rivi\u00e8res, QC  <\/li>\n<li>Separation anxiety, fear and stress &#8211; J\u00e9r\u00e9my Serindat Canine Educator, 3 days, Vonnas, France, 2019<\/li>\n<li>Separation Anxiety: Tools for Dogs and Caregivers &#8211; La Ressource Animale, 2 days, Montreal, QC  <\/li>\n<li>Seminar: The dog&#8217;s game from A to Z! &#8211; De Main De Ma\u00eetre, 1h30 (race), online  <\/li>\n<\/ul>\n<span class=\"date-soustitre\">2020<\/span>\n<ul>\n \t<li>Guide indispensable : Mieux comprendre l&#8217;anxi\u00e9t\u00e9 de s\u00e9paration &#8211; De Main De Ma\u00eetre, 1h30 (course) online  <\/li>\n \t<li>Systematic desensitization &amp; Case studies (Colloque francophone sur le comportement animal &amp; canin) &#8211; De Main De Ma\u00eetre, 6 hours, online  <\/li>\n<\/ul>\n<span class=\"date-soustitre\">2021<\/span>\n<ul>\n \t<li>The importance of motor patterns in dogs &#8211; World Dog Science, 12 hours, online  <\/li>\n<\/ul>\n<span class=\"date-soustitre\">2022<\/span>\n<ul>\n \t<li>Resource Guarding &#8211; Kindness Is Essential, Not Optional (KIENO), 30min, online  <\/li>\n \t<li>Separation anxiety, fear and stress &#8211; J\u00e9r\u00e9my Serindat Dog trainer, 3 days, Vonnas, France  <\/li>\n \t<li>Separation anxiety in dogs &#8211; Pet Revolution, 1h, online  <\/li>\n<\/ul>\n<span class=\"date-soustitre\">2023<\/span>\n<ul>\n \t<li>Separation anxiety in dogs &#8211; Un Autre Chien, 3h, online  <\/li>\n<\/ul>\n<span class=\"date-soustitre\">2024<\/span>\n<ul>\n \t<li>Conference on the profession &#8211; AEP canine behaviour intervention, 1h, online <\/li>\n<\/ul>\t\t\t\t\t\t\t\t<\/div>\n\t\t\t\t<\/div>\n\t\t\t\t\t<\/div>\n\t\t\t\t<\/div>\n\t\t\t\t<\/div>\n\t\t","protected":false},"excerpt":{"rendered":"<p>Claudine&#8217;s continuing education COURSES AND CERTIFICATES 2009-2013 PetSaver Program (Pet CPR First Aid), Sally Achey, Pet Tech, 2009 Evaluation Training, [&hellip;]<\/p>\n","protected":false},"author":5,"featured_media":0,"parent":0,"menu_order":0,"comment_status":"closed","ping_status":"closed","template":"","meta":{"site-sidebar-layout":"no-sidebar","site-content-layout":"","ast-site-content-layout":"full-width-container","site-content-style":"default","site-sidebar-style":"default","ast-global-header-display":"","ast-banner-title-visibility":"","ast-main-header-display":"","ast-hfb-above-header-display":"","ast-hfb-below-header-display":"","ast-hfb-mobile-header-display":"","site-post-title":"disabled","ast-breadcrumbs-content":"","ast-featured-img":"disabled","footer-sml-layout":"","theme-transparent-header-meta":"","adv-header-id-meta":"","stick-header-meta":"","header-above-stick-meta":"","header-main-stick-meta":"","header-below-stick-meta":"","astra-migrate-meta-layouts":"default","ast-page-background-enabled":"default","ast-page-background-meta":{"desktop":{"background-color":"var(--ast-global-color-4)","background-image":"","background-repeat":"repeat","background-position":"center center","background-size":"auto","background-attachment":"scroll","background-type":"","background-media":"","overlay-type":"","overlay-color":"","overlay-opacity":"","overlay-gradient":""},"tablet":{"background-color":"","background-image":"","background-repeat":"repeat","background-position":"center center","background-size":"auto","background-attachment":"scroll","background-type":"","background-media":"","overlay-type":"","overlay-color":"","overlay-opacity":"","overlay-gradient":""},"mobile":{"background-color":"","background-image":"","background-repeat":"repeat","background-position":"center center","background-size":"auto","background-attachment":"scroll","background-type":"","background-media":"","overlay-type":"","overlay-color":"","overlay-opacity":"","overlay-gradient":""}},"ast-content-background-meta":{"desktop":{"background-color":"var(--ast-global-color-5)","background-image":"","background-repeat":"repeat","background-position":"center center","background-size":"auto","background-attachment":"scroll","background-type":"","background-media":"","overlay-type":"","overlay-color":"","overlay-opacity":"","overlay-gradient":""},"tablet":{"background-color":"var(--ast-global-color-5)","background-image":"","background-repeat":"repeat","background-position":"center center","background-size":"auto","background-attachment":"scroll","background-type":"","background-media":"","overlay-type":"","overlay-color":"","overlay-opacity":"","overlay-gradient":""},"mobile":{"background-color":"var(--ast-global-color-5)","background-image":"","background-repeat":"repeat","background-position":"center center","background-size":"auto","background-attachment":"scroll","background-type":"","background-media":"","overlay-type":"","overlay-color":"","overlay-opacity":"","overlay-gradient":""}},"footnotes":""},"class_list":["post-1666","page","type-page","status-publish","hentry"],"_links":{"self":[{"href":"https:\/\/thelearneddog.com\/en\/wp-json\/wp\/v2\/pages\/1666","targetHints":{"allow":["GET"]}}],"collection":[{"href":"https:\/\/thelearneddog.com\/en\/wp-json\/wp\/v2\/pages"}],"about":[{"href":"https:\/\/thelearneddog.com\/en\/wp-json\/wp\/v2\/types\/page"}],"author":[{"embeddable":true,"href":"https:\/\/thelearneddog.com\/en\/wp-json\/wp\/v2\/users\/5"}],"replies":[{"embeddable":true,"href":"https:\/\/thelearneddog.com\/en\/wp-json\/wp\/v2\/comments?post=1666"}],"version-history":[{"count":9,"href":"https:\/\/thelearneddog.com\/en\/wp-json\/wp\/v2\/pages\/1666\/revisions"}],"predecessor-version":[{"id":2673,"href":"https:\/\/thelearneddog.com\/en\/wp-json\/wp\/v2\/pages\/1666\/revisions\/2673"}],"wp:attachment":[{"href":"https:\/\/thelearneddog.com\/en\/wp-json\/wp\/v2\/media?parent=1666"}],"curies":[{"name":"wp","href":"https:\/\/api.w.org\/{rel}","templated":true}]}}